{"id":1438,"date":"2021-05-11T10:15:32","date_gmt":"2021-05-11T10:15:32","guid":{"rendered":"https:\/\/neromax.brandmax.pro\/?page_id=1438"},"modified":"2024-07-19T05:13:33","modified_gmt":"2024-07-19T08:13:33","slug":"process","status":"publish","type":"page","link":"https:\/\/mbingenieria.cl\/?page_id=1438","title":{"rendered":"Nuestra Empresa"},"content":{"rendered":"<div class=\"wpb-content-wrapper\"><p>[vc_row full_width=&#8221;stretch_row&#8221; css=&#8221;.vc_custom_1620728432227{padding-top: 120px !important;padding-bottom: 10px !important;}&#8221;][vc_column]<noscript class=\"nm-noscript\">\r\n.section-title-69f3e223d73fe.section-title-box span {\r\ncolor:#2e7de0;\r\n}\r\n.section-title-69f3e223d73fe.section-title-box .section-title {\r\ncolor:#151515;\r\n}\r\n.section-title-69f3e223d73fe.section-title-box .section-subtitle-head {\r\ncolor:#555555;\r\n}\r\n.section-title-69f3e223d73fe.section-title-box .section-subtitle {\r\ncolor:#555555;\r\n}\r\n<\/noscript>\r\n<div class=\"section-title-box sec_center section-title-69f3e223d73fe \">\r\n            <span>MB Ingenier\u00eda<\/span>\r\n        <h2 class=\"section-title\">\r\n    \u00bfQui\u00e9nes Somos?            <\/h2>\r\n                <div class=\"section-subtitle\">Conoce nuestra empresa y que hacemos en el sector Minero e industrial.<\/div>\r\n    <\/div>\r\n[\/vc_column][\/vc_row][vc_row full_width=&#8221;stretch_row&#8221; css=&#8221;.vc_custom_1616184492416{padding-top: 40px !important;padding-bottom: 60px !important;}&#8221;][vc_column]<div id=\"tabs_cs_neromax\" class=\"tabs style1\">\r\n<ol class=\"tab-links\">\r\n<li class=\"active\"><div data-href=\"#consultationcs-69f3e223d7a601438\">\r\n<div class=\"background-tab\"><\/div>\r\n<span>Nuestra Historia<\/span><\/div>\r\n<\/li>\r\n<li class=\"\"><div data-href=\"#specificationcs-69f3e223d7a601438\">\r\n<div class=\"background-tab\"><\/div>\r\n<span>Responsablidad Social Empresarial<\/span><\/div>\r\n<\/li>\r\n<li class=\"\"><div data-href=\"#developmentcs-69f3e223d7a601438\">\r\n<div class=\"background-tab\"><\/div>\r\n<span>Misi\u00f3n<\/span><\/div>\r\n<\/li>\r\n<li class=\"\"><div data-href=\"#feedbackcs-69f3e223d7a601438\">\r\n<div class=\"background-tab\"><\/div>\r\n<span>Visi\u00f3n<\/span><\/div>\r\n<\/li>\r\n<li class=\"\"><div data-href=\"#launchcs-69f3e223d7a601438\">\r\n<div class=\"background-tab\"><\/div>\r\n<span>Recursos Humanos<\/span><\/div>\r\n<\/li>\r\n<li class=\"\"><div data-href=\"#supportcs-69f3e223d7a601438\">\r\n<div class=\"background-tab\"><\/div>\r\n<span>Equipo<\/span><\/div>\r\n<\/li>\r\n<\/ol>\r\n<div class=\"tab-content\">\r\n<div id=\"consultationcs-69f3e223d7a601438\" class=\"tab active animated fadeIn\">\r\n[vc_row][vc_column width=\"1\/2\"][vc_empty_space height=\"30px\"][vc_column_text]\r\n<h3>Nuestra Historia<\/h3>\r\n[\/vc_column_text][vc_empty_space height=\"0\"][vc_column_text css=\".vc_custom_1721421433127{padding-bottom: 20px !important;}\"]\r\n<p style=\"text-align: justify;\">MILLAO BERNAL LTDA., es una empresa privada con un merecido prestigio adquirido a trav\u00e9s del desarrollo exitoso de complejos proyectos de ingenier\u00eda multidisciplinarios que inicia sus operaciones en 1998.<\/p>\r\n<p style=\"text-align: justify;\">Su alto nivel t\u00e9cnico, experiencia y capacidad empresarial se reflejan en el desarrollo de m\u00faltiples servicios tales como: Mantenimiento integral de plantas mineras, traslado de correas modalidad shifting horizontal y vertical, movimiento de tierra, mantenimiento de maquinarias, arriendo de equipos y maquinarias.<\/p>\r\n[\/vc_column_text][\/vc_column][vc_column width=\"1\/2\"][vc_single_image image=\"2066\" img_size=\"full\" css=\"\"][\/vc_column][\/vc_row]<\/div>\r\n<div id=\"specificationcs-69f3e223d7a601438\" class=\"tab  animated fadeIn\">\r\n[vc_row][vc_column width=\"1\/2\"][vc_empty_space height=\"30px\"][vc_column_text]\r\n<h3>Responsablidad Social<\/h3>\r\n[\/vc_column_text][vc_empty_space height=\"0\"][vc_column_text css=\".vc_custom_1721421403257{padding-bottom: 20px !important;}\"]\r\n<p style=\"text-align: justify;\">MB Ingenier\u00eda en su constante preocupaci\u00f3n por el desarrollo sustentable, tiene clara la importancia de la responsabilidad social empresarial. Por lo que hemos desarrollado una pol\u00edtica preocupada fundamentalmente por su recurso humano y un persistente resguardo por el medioambiente y la comunidad, generando un compromiso constante con nuestros valores y misi\u00f3n empresarial, siendo promotores de la salud, seguridad y educaci\u00f3n.<\/p>\r\n[\/vc_column_text][\/vc_column][vc_column width=\"1\/2\"][vc_single_image image=\"2259\" img_size=\"full\" css=\"\"][\/vc_column][\/vc_row]<\/div>\r\n<div id=\"developmentcs-69f3e223d7a601438\" class=\"tab  animated fadeIn\">\r\n[vc_row][vc_column width=\"1\/2\"][vc_empty_space height=\"30px\"][vc_column_text]\r\n<h3>Misi\u00f3n<\/h3>\r\n[\/vc_column_text][vc_empty_space height=\"0\"][vc_column_text css=\".vc_custom_1721421328651{padding-bottom: 20px !important;}\"]\r\n<p style=\"text-align: justify;\">Somos MB Ingenier\u00eda, un equipo de profesionales y t\u00e9cnicos especialistas en Servicios Industriales Mineros y rubros afines, que existe para crear constantemente una oferta integral, s\u00f3lida y comprometida con la Seguridad y las altas exigencias de Nuestros Clientes, en donde nuestro enfoque central de negocio se fundamenta en relaciones de beneficio bilateral y desempe\u00f1o competitivo.<\/p>\r\n[\/vc_column_text][\/vc_column][vc_column width=\"1\/2\"][vc_single_image image=\"2261\" img_size=\"full\" css=\"\"][\/vc_column][\/vc_row]<\/div>\r\n<div id=\"feedbackcs-69f3e223d7a601438\" class=\"tab  animated fadeIn\">\r\n[vc_row][vc_column width=\"1\/2\"][vc_empty_space height=\"30px\"][vc_column_text]\r\n<h3>Visi\u00f3n<\/h3>\r\n[\/vc_column_text][vc_empty_space height=\"0\"][vc_column_text css=\".vc_custom_1721421268541{padding-bottom: 20px !important;}\"]\r\n<p style=\"text-align: justify;\">Queremos construir una Organizaci\u00f3n capaz de conseguir un posicionamiento de identidad propia en nuestros negocios, en donde la innovaci\u00f3n, compromiso y modelo de gesti\u00f3n corporativo sean referencias de excelencia en cualquier lugar y que cada cliente reconozca en nuestros servicios integrales, un sello de calidad y prestigio.<\/p>\r\n[\/vc_column_text][\/vc_column][vc_column width=\"1\/2\"][vc_single_image image=\"2264\" img_size=\"full\" css=\"\"][\/vc_column][\/vc_row]<\/div>\r\n<div id=\"launchcs-69f3e223d7a601438\" class=\"tab  animated fadeIn\">\r\n[vc_row][vc_column width=\"1\/2\"][vc_empty_space height=\"30px\"][vc_column_text css=\"\"]\r\n<h3>Recursos Humanos<\/h3>\r\n[\/vc_column_text][vc_empty_space height=\"0\"][vc_column_text css=\".vc_custom_1721421709415{padding-bottom: 20px !important;}\"]\r\n<div class=\"col-md-12\" style=\"text-align: justify;\">Propiciamos un clima laboral grato, basado en el respeto mutuo, equidad e integridad, donde cada persona es valorada por sus m\u00e9ritos y actitud, privilegiando el trabajo en equipo. Desarrollamos redes de crecimiento y especializaci\u00f3n, que otorgue herramientas para su mejor desempe\u00f1o y expectativas personales.<\/div>\r\n<div class=\"col-xs-6\">\r\n<p class=\"vertical\" style=\"text-align: justify;\">\u201cMB Ingenier\u00eda reconoce en cada trabajador la labor desempe\u00f1ada, orient\u00e1ndonos al futuro de la organizaci\u00f3n y de las personas que la integran\u201d.<\/p>\r\n\r\n<\/div>\r\n[\/vc_column_text][\/vc_column][vc_column width=\"1\/2\"][vc_single_image image=\"2267\" img_size=\"full\" css=\"\"][\/vc_column][\/vc_row]<\/div>\r\n<div id=\"supportcs-69f3e223d7a601438\" class=\"tab  animated fadeIn\">\r\n[vc_row][vc_column width=\"1\/2\"][vc_empty_space height=\"30px\"][vc_column_text]\r\n<h3>Equipo<\/h3>\r\n[\/vc_column_text][vc_empty_space height=\"0\"][vc_column_text css=\".vc_custom_1721421132209{padding-bottom: 20px !important;}\"]\r\n<p style=\"text-align: justify;\">MB INGENIER\u00cdA reconoce en cada trabajador la labor desempe\u00f1ada, nos orientamos hacia adelante, el futuro de la organizaci\u00f3n y de las personas que laboran en ella.\r\n\u2022 Privilegiamos el trabajo en equipo como modelo de planificaci\u00f3n, reconociendo en esta alianza las bondades de la sinergia y la satisfacci\u00f3n del logro.\r\n\u2022 Propiciamos un clima laboral grato, basado en el respeto mutuo, equidad e integridad, donde cada persona es valorada por sus m\u00e9ritos y actitud.\r\n\u2022 Desarrollamos redes de crecimiento y especializaci\u00f3n, que otorgue herramientas para su mejor desempe\u00f1o y expectativas personales.<\/p>\r\n[\/vc_column_text][\/vc_column][vc_column width=\"1\/2\"][vc_single_image image=\"2270\" img_size=\"full\" css=\"\"][\/vc_column][\/vc_row]<\/div>\r\n<\/div>\r\n<\/div>\r\n<div class=\"panel-group m-tabs m_tabs_cs_neromax\" id=\"accordion\" role=\"tablist\" aria-multiselectable=\"true\">\r\n    <div class=\"panel panel-default\">\r\n        <div class=\"panel-heading\" role=\"tab\" id=\"headingconsultationcs-69f3e223d7a60\">\r\n            <div class=\"panel-title\">\r\n                <div class=\"accordion-click collapsed\" role=\"button\" data-toggle=\"collapse\" data-parent=\"#accordion\" data-target=\"#collapseconsultationcs-69f3e223d7a60\" aria-expanded=\"true\" aria-controls=\"collapseconsultationcs-69f3e223d7a60\">\r\n                <i class=\"more-less fa fa-plus\"><\/i>\r\n                                    <\/span>\r\n                     <span>Nuestra Historia<\/span>\r\n                <\/div>\r\n            <\/div>\r\n        <\/div>\r\n        <div id=\"collapseconsultationcs-69f3e223d7a60\" class=\"panel-collapse collapse in\" role=\"tabpanel\" aria-labelledby=\"headingconsultationcs-69f3e223d7a60\">\r\n        <div class=\"panel-body\">[vc_row][vc_column width=\"1\/2\"][vc_empty_space height=\"30px\"][vc_column_text]\r\n<h3>Nuestra Historia<\/h3>\r\n[\/vc_column_text][vc_empty_space height=\"0\"][vc_column_text css=\".vc_custom_1721421433127{padding-bottom: 20px !important;}\"]\r\n<p style=\"text-align: justify;\">MILLAO BERNAL LTDA., es una empresa privada con un merecido prestigio adquirido a trav\u00e9s del desarrollo exitoso de complejos proyectos de ingenier\u00eda multidisciplinarios que inicia sus operaciones en 1998.<\/p>\r\n<p style=\"text-align: justify;\">Su alto nivel t\u00e9cnico, experiencia y capacidad empresarial se reflejan en el desarrollo de m\u00faltiples servicios tales como: Mantenimiento integral de plantas mineras, traslado de correas modalidad shifting horizontal y vertical, movimiento de tierra, mantenimiento de maquinarias, arriendo de equipos y maquinarias.<\/p>\r\n[\/vc_column_text][\/vc_column][vc_column width=\"1\/2\"][vc_single_image image=\"2066\" img_size=\"full\" css=\"\"][\/vc_column][\/vc_row]<\/div>\r\n        <\/div>\r\n    <\/div>\r\n    <div class=\"panel panel-default\">\r\n        <div class=\"panel-heading\" role=\"tab\" id=\"headingspecificationcs-69f3e223d7a60\">\r\n            <div class=\"panel-title\">\r\n                <div class=\"accordion-click collapsed\" role=\"button\" data-toggle=\"collapse\" data-parent=\"#accordion\" data-target=\"#collapsespecificationcs-69f3e223d7a60\" aria-expanded=\"true\" aria-controls=\"collapsespecificationcs-69f3e223d7a60\">\r\n                <i class=\"more-less fa fa-plus\"><\/i>\r\n                                    <\/span>\r\n                     <span>Responsablidad Social Empresarial<\/span>\r\n                <\/div>\r\n            <\/div>\r\n        <\/div>\r\n        <div id=\"collapsespecificationcs-69f3e223d7a60\" class=\"panel-collapse collapse \" role=\"tabpanel\" aria-labelledby=\"headingspecificationcs-69f3e223d7a60\">\r\n        <div class=\"panel-body\">[vc_row][vc_column width=\"1\/2\"][vc_empty_space height=\"30px\"][vc_column_text]\r\n<h3>Responsablidad Social<\/h3>\r\n[\/vc_column_text][vc_empty_space height=\"0\"][vc_column_text css=\".vc_custom_1721421403257{padding-bottom: 20px !important;}\"]\r\n<p style=\"text-align: justify;\">MB Ingenier\u00eda en su constante preocupaci\u00f3n por el desarrollo sustentable, tiene clara la importancia de la responsabilidad social empresarial. Por lo que hemos desarrollado una pol\u00edtica preocupada fundamentalmente por su recurso humano y un persistente resguardo por el medioambiente y la comunidad, generando un compromiso constante con nuestros valores y misi\u00f3n empresarial, siendo promotores de la salud, seguridad y educaci\u00f3n.<\/p>\r\n[\/vc_column_text][\/vc_column][vc_column width=\"1\/2\"][vc_single_image image=\"2259\" img_size=\"full\" css=\"\"][\/vc_column][\/vc_row]<\/div>\r\n        <\/div>\r\n    <\/div>\r\n    <div class=\"panel panel-default\">\r\n        <div class=\"panel-heading\" role=\"tab\" id=\"headingdevelopmentcs-69f3e223d7a60\">\r\n            <div class=\"panel-title\">\r\n                <div class=\"accordion-click collapsed\" role=\"button\" data-toggle=\"collapse\" data-parent=\"#accordion\" data-target=\"#collapsedevelopmentcs-69f3e223d7a60\" aria-expanded=\"true\" aria-controls=\"collapsedevelopmentcs-69f3e223d7a60\">\r\n                <i class=\"more-less fa fa-plus\"><\/i>\r\n                                    <\/span>\r\n                     <span>Misi\u00f3n<\/span>\r\n                <\/div>\r\n            <\/div>\r\n        <\/div>\r\n        <div id=\"collapsedevelopmentcs-69f3e223d7a60\" class=\"panel-collapse collapse \" role=\"tabpanel\" aria-labelledby=\"headingdevelopmentcs-69f3e223d7a60\">\r\n        <div class=\"panel-body\">[vc_row][vc_column width=\"1\/2\"][vc_empty_space height=\"30px\"][vc_column_text]\r\n<h3>Misi\u00f3n<\/h3>\r\n[\/vc_column_text][vc_empty_space height=\"0\"][vc_column_text css=\".vc_custom_1721421328651{padding-bottom: 20px !important;}\"]\r\n<p style=\"text-align: justify;\">Somos MB Ingenier\u00eda, un equipo de profesionales y t\u00e9cnicos especialistas en Servicios Industriales Mineros y rubros afines, que existe para crear constantemente una oferta integral, s\u00f3lida y comprometida con la Seguridad y las altas exigencias de Nuestros Clientes, en donde nuestro enfoque central de negocio se fundamenta en relaciones de beneficio bilateral y desempe\u00f1o competitivo.<\/p>\r\n[\/vc_column_text][\/vc_column][vc_column width=\"1\/2\"][vc_single_image image=\"2261\" img_size=\"full\" css=\"\"][\/vc_column][\/vc_row]<\/div>\r\n        <\/div>\r\n    <\/div>\r\n    <div class=\"panel panel-default\">\r\n        <div class=\"panel-heading\" role=\"tab\" id=\"headingfeedbackcs-69f3e223d7a60\">\r\n            <div class=\"panel-title\">\r\n                <div class=\"accordion-click collapsed\" role=\"button\" data-toggle=\"collapse\" data-parent=\"#accordion\" data-target=\"#collapsefeedbackcs-69f3e223d7a60\" aria-expanded=\"true\" aria-controls=\"collapsefeedbackcs-69f3e223d7a60\">\r\n                <i class=\"more-less fa fa-plus\"><\/i>\r\n                                    <\/span>\r\n                     <span>Visi\u00f3n<\/span>\r\n                <\/div>\r\n            <\/div>\r\n        <\/div>\r\n        <div id=\"collapsefeedbackcs-69f3e223d7a60\" class=\"panel-collapse collapse \" role=\"tabpanel\" aria-labelledby=\"headingfeedbackcs-69f3e223d7a60\">\r\n        <div class=\"panel-body\">[vc_row][vc_column width=\"1\/2\"][vc_empty_space height=\"30px\"][vc_column_text]\r\n<h3>Visi\u00f3n<\/h3>\r\n[\/vc_column_text][vc_empty_space height=\"0\"][vc_column_text css=\".vc_custom_1721421268541{padding-bottom: 20px !important;}\"]\r\n<p style=\"text-align: justify;\">Queremos construir una Organizaci\u00f3n capaz de conseguir un posicionamiento de identidad propia en nuestros negocios, en donde la innovaci\u00f3n, compromiso y modelo de gesti\u00f3n corporativo sean referencias de excelencia en cualquier lugar y que cada cliente reconozca en nuestros servicios integrales, un sello de calidad y prestigio.<\/p>\r\n[\/vc_column_text][\/vc_column][vc_column width=\"1\/2\"][vc_single_image image=\"2264\" img_size=\"full\" css=\"\"][\/vc_column][\/vc_row]<\/div>\r\n        <\/div>\r\n    <\/div>\r\n    <div class=\"panel panel-default\">\r\n        <div class=\"panel-heading\" role=\"tab\" id=\"headinglaunchcs-69f3e223d7a60\">\r\n            <div class=\"panel-title\">\r\n                <div class=\"accordion-click collapsed\" role=\"button\" data-toggle=\"collapse\" data-parent=\"#accordion\" data-target=\"#collapselaunchcs-69f3e223d7a60\" aria-expanded=\"true\" aria-controls=\"collapselaunchcs-69f3e223d7a60\">\r\n                <i class=\"more-less fa fa-plus\"><\/i>\r\n                                    <\/span>\r\n                     <span>Recursos Humanos<\/span>\r\n                <\/div>\r\n            <\/div>\r\n        <\/div>\r\n        <div id=\"collapselaunchcs-69f3e223d7a60\" class=\"panel-collapse collapse \" role=\"tabpanel\" aria-labelledby=\"headinglaunchcs-69f3e223d7a60\">\r\n        <div class=\"panel-body\">[vc_row][vc_column width=\"1\/2\"][vc_empty_space height=\"30px\"][vc_column_text css=\"\"]\r\n<h3>Recursos Humanos<\/h3>\r\n[\/vc_column_text][vc_empty_space height=\"0\"][vc_column_text css=\".vc_custom_1721421709415{padding-bottom: 20px !important;}\"]\r\n<div class=\"col-md-12\" style=\"text-align: justify;\">Propiciamos un clima laboral grato, basado en el respeto mutuo, equidad e integridad, donde cada persona es valorada por sus m\u00e9ritos y actitud, privilegiando el trabajo en equipo. Desarrollamos redes de crecimiento y especializaci\u00f3n, que otorgue herramientas para su mejor desempe\u00f1o y expectativas personales.<\/div>\r\n<div class=\"col-xs-6\">\r\n<p class=\"vertical\" style=\"text-align: justify;\">\u201cMB Ingenier\u00eda reconoce en cada trabajador la labor desempe\u00f1ada, orient\u00e1ndonos al futuro de la organizaci\u00f3n y de las personas que la integran\u201d.<\/p>\r\n\r\n<\/div>\r\n[\/vc_column_text][\/vc_column][vc_column width=\"1\/2\"][vc_single_image image=\"2267\" img_size=\"full\" css=\"\"][\/vc_column][\/vc_row]<\/div>\r\n        <\/div>\r\n    <\/div>\r\n    <div class=\"panel panel-default\">\r\n        <div class=\"panel-heading\" role=\"tab\" id=\"headingsupportcs-69f3e223d7a60\">\r\n            <div class=\"panel-title\">\r\n                <div class=\"accordion-click collapsed\" role=\"button\" data-toggle=\"collapse\" data-parent=\"#accordion\" data-target=\"#collapsesupportcs-69f3e223d7a60\" aria-expanded=\"true\" aria-controls=\"collapsesupportcs-69f3e223d7a60\">\r\n                <i class=\"more-less fa fa-plus\"><\/i>\r\n                                    <\/span>\r\n                     <span>Equipo<\/span>\r\n                <\/div>\r\n            <\/div>\r\n        <\/div>\r\n        <div id=\"collapsesupportcs-69f3e223d7a60\" class=\"panel-collapse collapse \" role=\"tabpanel\" aria-labelledby=\"headingsupportcs-69f3e223d7a60\">\r\n        <div class=\"panel-body\">[vc_row][vc_column width=\"1\/2\"][vc_empty_space height=\"30px\"][vc_column_text]\r\n<h3>Equipo<\/h3>\r\n[\/vc_column_text][vc_empty_space height=\"0\"][vc_column_text css=\".vc_custom_1721421132209{padding-bottom: 20px !important;}\"]\r\n<p style=\"text-align: justify;\">MB INGENIER\u00cdA reconoce en cada trabajador la labor desempe\u00f1ada, nos orientamos hacia adelante, el futuro de la organizaci\u00f3n y de las personas que laboran en ella.\r\n\u2022 Privilegiamos el trabajo en equipo como modelo de planificaci\u00f3n, reconociendo en esta alianza las bondades de la sinergia y la satisfacci\u00f3n del logro.\r\n\u2022 Propiciamos un clima laboral grato, basado en el respeto mutuo, equidad e integridad, donde cada persona es valorada por sus m\u00e9ritos y actitud.\r\n\u2022 Desarrollamos redes de crecimiento y especializaci\u00f3n, que otorgue herramientas para su mejor desempe\u00f1o y expectativas personales.<\/p>\r\n[\/vc_column_text][\/vc_column][vc_column width=\"1\/2\"][vc_single_image image=\"2270\" img_size=\"full\" css=\"\"][\/vc_column][\/vc_row]<\/div>\r\n        <\/div>\r\n    <\/div>\r\n<\/div>\r\n<!-- panel-group -->\r\n[\/vc_column][\/vc_row][vc_row full_width=&#8221;stretch_row&#8221; disable_element=&#8221;yes&#8221; css=&#8221;.vc_custom_1720117142123{padding-top: 60px !important;padding-bottom: 100px !important;}&#8221;][vc_column]<noscript class=\"nm-noscript\">\r\n.section-title-69f3e223d7bf9.section-title-box span {\r\ncolor:#2e7de0;\r\n}\r\n.section-title-69f3e223d7bf9.section-title-box .section-title {\r\ncolor:#151515;\r\n}\r\n.section-title-69f3e223d7bf9.section-title-box .section-subtitle-head {\r\ncolor:#555555;\r\n}\r\n.section-title-69f3e223d7bf9.section-title-box .section-subtitle {\r\ncolor:#555555;\r\n}\r\n<\/noscript>\r\n<div class=\"section-title-box sec_center section-title-69f3e223d7bf9 \">\r\n            <span>CASE STUDIES<\/span>\r\n        <h2 class=\"section-title\">\r\n    Improve your business and make your work easy            <\/h2>\r\n        <\/div>\r\n<noscript class=\"nm-noscript\">\r\n.vc_custom_1620728702209{margin-top: 20px !important;}.cs-button-box .btn-69f3e223d7c26 {\r\ncolor: #151515;\r\nbackground-color: rgba(255,255,255,0.01);\r\nborder-color: #2e7de0;\r\n}\r\n.cs-button-box .btn-69f3e223d7c26:hover {\r\ncolor: #ffffff;\r\nbackground-color: #2e7de0;\r\nborder-color: #2e7de0;\r\n}\r\n<\/noscript>\r\n<div class=\"cs-button-box vc_custom_1620728702209 sec_center\">\r\n<a  href=\"\/contacts\/\" class=\"btn btn-primary   default btn-lg btn-69f3e223d7c26 \"\r\n target=\"_self\">\r\nStart free trial<\/a>\r\n<\/div>\r\n<noscript class=\"nm-noscript\">\r\n.background_decor.bg-decor-shapes#bg-69f3e223d7c50 { \r\ntop: 0;\r\nbottom: auto;\r\n}\r\n.background_decor#bg-69f3e223d7c50 { \r\nmargin-left: -14%;\r\n}\r\n\r\n@media (max-width: 992px) {\r\n.background_decor#bg-69f3e223d7c50 { \r\nmargin-left: 0px;\r\n}\r\n}\r\n<\/noscript>\r\n<div id=\"bg-69f3e223d7c50\" class=\"background_decor bg-decor-shapes left \">\r\n\t\t<div class=\"background-animation bounce\"><img decoding=\"async\" src=\"https:\/\/mbingenieria.cl\/wp-content\/uploads\/2020\/11\/decor-bul-left.png\" alt=\"image\"><\/div>\r\n\t<\/div>\r\n[\/vc_column][\/vc_row]<\/p>\n<\/div>","protected":false},"excerpt":{"rendered":"<p>[vc_row full_width=&#8221;stretch_row&#8221; css=&#8221;.vc_custom_1620728432227{padding-top: 120px !important;padding-bottom: 10px !important;}&#8221;][vc_column][\/vc_column][\/vc_row][vc_row full_width=&#8221;stretch_row&#8221; css=&#8221;.vc_custom_1616184492416{padding-top: 40px !important;padding-bottom: 60px !important;}&#8221;][vc_column][\/vc_column][\/vc_row][vc_row full_width=&#8221;stretch_row&#8221; disable_element=&#8221;yes&#8221; css=&#8221;.vc_custom_1720117142123{padding-top: 60px !important;padding-bottom: 100px !important;}&#8221;][vc_column][\/vc_column][\/vc_row]<\/p>\n","protected":false},"author":1,"featured_media":0,"parent":0,"menu_order":0,"comment_status":"closed","ping_status":"closed","template":"","meta":{"footnotes":""},"class_list":["post-1438","page","type-page","status-publish","hentry"],"_links":{"self":[{"href":"https:\/\/mbingenieria.cl\/index.php?rest_route=\/wp\/v2\/pages\/1438","targetHints":{"allow":["GET"]}}],"collection":[{"href":"https:\/\/mbingenieria.cl\/index.php?rest_route=\/wp\/v2\/pages"}],"about":[{"href":"https:\/\/mbingenieria.cl\/index.php?rest_route=\/wp\/v2\/types\/page"}],"author":[{"embeddable":true,"href":"https:\/\/mbingenieria.cl\/index.php?rest_route=\/wp\/v2\/users\/1"}],"replies":[{"embeddable":true,"href":"https:\/\/mbingenieria.cl\/index.php?rest_route=%2Fwp%2Fv2%2Fcomments&post=1438"}],"version-history":[{"count":8,"href":"https:\/\/mbingenieria.cl\/index.php?rest_route=\/wp\/v2\/pages\/1438\/revisions"}],"predecessor-version":[{"id":2164,"href":"https:\/\/mbingenieria.cl\/index.php?rest_route=\/wp\/v2\/pages\/1438\/revisions\/2164"}],"wp:attachment":[{"href":"https:\/\/mbingenieria.cl\/index.php?rest_route=%2Fwp%2Fv2%2Fmedia&parent=1438"}],"curies":[{"name":"wp","href":"https:\/\/api.w.org\/{rel}","templated":true}]}}