{"id":1449,"date":"2021-05-11T10:56:49","date_gmt":"2021-05-11T10:56:49","guid":{"rendered":"https:\/\/neromax.brandmax.pro\/?page_id=1449"},"modified":"2024-07-29T12:00:36","modified_gmt":"2024-07-29T15:00:36","slug":"careers","status":"publish","type":"page","link":"https:\/\/mbingenieria.cl\/?page_id=1449","title":{"rendered":"Trabaja con nosotros"},"content":{"rendered":"<div class=\"wpb-content-wrapper\"><p>[vc_row full_width=&#8221;stretch_row&#8221; css=&#8221;.vc_custom_1620728432227{padding-top: 120px !important;padding-bottom: 10px !important;}&#8221;][vc_column]<noscript class=\"nm-noscript\">\r\n.section-title-69f3be5ec8253.section-title-box span {\r\ncolor:#2e7de0;\r\n}\r\n.section-title-69f3be5ec8253.section-title-box .section-title {\r\ncolor:#151515;\r\n}\r\n.section-title-69f3be5ec8253.section-title-box .section-subtitle-head {\r\ncolor:#555555;\r\n}\r\n.section-title-69f3be5ec8253.section-title-box .section-subtitle {\r\ncolor:#555555;\r\n}\r\n<\/noscript>\r\n<div class=\"section-title-box sec_center section-title-69f3be5ec8253 \">\r\n            <span>Buscas trabajo?<\/span>\r\n        <h2 class=\"section-title\">\r\n    \u00danete al equipo MB            <\/h2>\r\n                <div class=\"section-subtitle\">Brindamos servicios de tecnolog\u00eda de clase mundial explorando e implementando constantemente soluciones innovadoras que generan valor a largo plazo para nuestros clientes. Contratamos profesionales experimentados que sean inteligentes, ambiciosos y apasionados por su especialidad.<\/div>\r\n    <\/div>\r\n[\/vc_column][\/vc_row][vc_row full_width=&#8221;stretch_row&#8221; css=&#8221;.vc_custom_1620750080559{padding-top: 80px !important;padding-bottom: 10px !important;}&#8221;][vc_column]<div  class=\"bx-apply_list\">\r\n    <div class=\"bx-app-list-in row\">\r\n        <div class=\"bx-app-list-item col-sm-4\">\r\n                        <div class=\"bx-apply-title\">Vacante<\/div>\r\n                        <h4 class=\"bx-apply-desc\">Vendedor Servicios de Arriendo Equipos<\/h4>\r\n        <\/div>\r\n        <div class=\"bx-app-list-item col-sm-4\">\r\n                        <div class=\"bx-apply-title\">Dependencias<\/div>\r\n                        <h5 class=\"bx-apply-desc\">Casa Central MB Ingenier\u00eda - Loa #5025, Antofagasta<\/h5>\r\n        <\/div>\r\n        <div class=\"bx-app-list-item col-sm-4\">\r\n            <a href=\"#myForm\" class=\"btn btn-primary btn-lg bx-apply-btn\">Postula<\/a>\r\n        <\/div>\r\n    <\/div>\r\n<\/div>\r\n[\/vc_column][\/vc_row][vc_row full_width=&#8221;stretch_row&#8221; disable_element=&#8221;yes&#8221; css=&#8221;.vc_custom_1720107878543{padding-top: 80px !important;padding-bottom: 120px !important;}&#8221;][vc_column]<noscript class=\"nm-noscript\">\r\n.section-title-69f3be5ec8317.section-title-box span {\r\ncolor:#2e7de0;\r\n}\r\n.section-title-69f3be5ec8317.section-title-box .section-title {\r\ncolor:#151515;\r\n}\r\n.section-title-69f3be5ec8317.section-title-box .section-subtitle-head {\r\ncolor:#555555;\r\n}\r\n.section-title-69f3be5ec8317.section-title-box .section-subtitle {\r\ncolor:#555555;\r\n}\r\n<\/noscript>\r\n<div class=\"section-title-box sec_center section-title-69f3be5ec8317 \">\r\n            <span>CULTURE &amp; METHODS<\/span>\r\n        <h2 class=\"section-title\">\r\n    Great People Deserve Great Managers                    <span class=\"br-heading-dot h-primary h-small\"><\/span>            <\/h2>\r\n                <div class=\"section-subtitle\">Our solutions are simple, robust and are aesthetically designed to keep the customer engaged to<br \/>\ndeliver consistent growth for your business.<\/div>\r\n    <\/div>\r\n<noscript class=\"nm-noscript\">\r\n.vc_custom_1620749796792{margin-top: 30px !important;}.cs-button-box .btn-69f3be5ec8370 {\r\ncolor: #151515;\r\nbackground-color: rgba(255,255,255,0.01);\r\nborder-color: #2e7de0;\r\n}\r\n.cs-button-box .btn-69f3be5ec8370:hover {\r\ncolor: #ffffff;\r\nbackground-color: #2e7de0;\r\nborder-color: #2e7de0;\r\n}\r\n<\/noscript>\r\n<div class=\"cs-button-box vc_custom_1620749796792 sec_center\">\r\n<a  href=\"\/contacts\/\" class=\"btn btn-primary   default btn-lg btn-69f3be5ec8370 \"\r\n target=\"_self\">\r\nGet A Free Quote!<\/a>\r\n<\/div>\r\n<noscript class=\"nm-noscript\">\r\n.background_decor.bg-decor-shapes#bg-69f3be5ec839c { \r\ntop: 0;\r\nbottom: auto;\r\n}\r\n.background_decor#bg-69f3be5ec839c { \r\nmargin-left: -14%;\r\n}\r\n\r\n@media (max-width: 992px) {\r\n.background_decor#bg-69f3be5ec839c { \r\nmargin-left: 0px;\r\n}\r\n}\r\n<\/noscript>\r\n<div id=\"bg-69f3be5ec839c\" class=\"background_decor bg-decor-shapes left \">\r\n\t\t<div class=\"background-animation bounce\"><img decoding=\"async\" src=\"https:\/\/mbingenieria.cl\/wp-content\/uploads\/2020\/11\/decor-bul-left.png\" alt=\"image\"><\/div>\r\n\t<\/div>\r\n[\/vc_column][\/vc_row][vc_row full_width=&#8221;stretch_row&#8221; content_placement=&#8221;middle&#8221; parallax=&#8221;content-moving-fade&#8221; css=&#8221;.vc_custom_1720109439749{padding-top: 100px !important;padding-bottom: 120px !important;background: #98b8e0 url(https:\/\/demo.mbingenieria.cl\/wp-content\/uploads\/2021\/03\/world-map-white3.png?id=736);}&#8221; el_id=&#8221;myForm&#8221;][vc_column width=&#8221;1\/4&#8243; css=&#8221;.vc_custom_1615407626038{padding-top: 0px !important;padding-bottom: 0px !important;}&#8221;][\/vc_column][vc_column width=&#8221;1\/2&#8243;]<noscript class=\"nm-noscript\">\r\n.section-title-69f3be5ec8588.section-title-box span {\r\ncolor:rgba(255,255,255,0.9);\r\n}\r\n.section-title-69f3be5ec8588.section-title-box .section-title {\r\ncolor:#ffffff;\r\n}\r\n.section-title-69f3be5ec8588.section-title-box .section-subtitle-head {\r\ncolor:#ffffff;\r\n}\r\n.section-title-69f3be5ec8588.section-title-box .section-subtitle {\r\ncolor:#ffffff;\r\n}\r\n<\/noscript>\r\n<div class=\"section-title-box sec_center section-title-69f3be5ec8588 \">\r\n            <span>Formulario de postulaci\u00f3n<\/span>\r\n        <h2 class=\"section-title\">\r\n    Ingresa tus datos en las siguientes casillas                    <span class=\"br-heading-dot h-primary h-small\"><\/span>            <\/h2>\r\n        <\/div>\r\n\n<div class=\"wpcf7 no-js\" id=\"wpcf7-f13-o1\" lang=\"es-CL\" dir=\"ltr\" data-wpcf7-id=\"13\">\n<div class=\"screen-reader-response\"><p role=\"status\" aria-live=\"polite\" aria-atomic=\"true\"><\/p> <ul><\/ul><\/div>\n<form action=\"\/index.php?rest_route=%2Fwp%2Fv2%2Fpages%2F1449#wpcf7-f13-o1\" method=\"post\" class=\"wpcf7-form init\" aria-label=\"Formulario de contacto\" enctype=\"multipart\/form-data\" novalidate=\"novalidate\" data-status=\"init\">\n<fieldset class=\"hidden-fields-container\"><input type=\"hidden\" name=\"_wpcf7\" value=\"13\" \/><input type=\"hidden\" name=\"_wpcf7_version\" value=\"6.1.4\" \/><input type=\"hidden\" name=\"_wpcf7_locale\" value=\"es_CL\" \/><input type=\"hidden\" name=\"_wpcf7_unit_tag\" value=\"wpcf7-f13-o1\" \/><input type=\"hidden\" name=\"_wpcf7_container_post\" value=\"0\" \/><input type=\"hidden\" name=\"_wpcf7_posted_data_hash\" value=\"\" \/>\n<\/fieldset>\n<p><label> Nombre completo<br \/>\n<span class=\"wpcf7-form-control-wrap\" data-name=\"your-name\"><input size=\"40\" maxlength=\"400\" class=\"wpcf7-form-control wpcf7-text wpcf7-validates-as-required\" autocomplete=\"name\" aria-required=\"true\" aria-invalid=\"false\" value=\"\" type=\"text\" name=\"your-name\" \/><\/span> <\/label>\n<\/p>\n<p><label> Cargo<br \/>\n<span class=\"wpcf7-form-control-wrap\" data-name=\"text-907\"><input size=\"40\" maxlength=\"400\" class=\"wpcf7-form-control wpcf7-text wpcf7-validates-as-required\" aria-required=\"true\" aria-invalid=\"false\" value=\"\" type=\"text\" name=\"text-907\" \/><\/span> <\/label>\n<\/p>\n<p><label> Email<br \/>\n<span class=\"wpcf7-form-control-wrap\" data-name=\"your-email\"><input size=\"40\" maxlength=\"400\" class=\"wpcf7-form-control wpcf7-email wpcf7-validates-as-required wpcf7-text wpcf7-validates-as-email\" autocomplete=\"email\" aria-required=\"true\" aria-invalid=\"false\" value=\"\" type=\"email\" name=\"your-email\" \/><\/span> <\/label>\n<\/p>\n<p><label> Telefono<br \/>\n<span class=\"wpcf7-form-control-wrap\" data-name=\"tel-394\"><input size=\"40\" maxlength=\"400\" class=\"wpcf7-form-control wpcf7-tel wpcf7-validates-as-required wpcf7-text wpcf7-validates-as-tel\" aria-required=\"true\" aria-invalid=\"false\" value=\"\" type=\"tel\" name=\"tel-394\" \/><\/span><\/label>\n<\/p>\n<p><label> Mensaje (opcional)<br \/>\n<span class=\"wpcf7-form-control-wrap\" data-name=\"your-message\"><textarea cols=\"40\" rows=\"10\" maxlength=\"2000\" class=\"wpcf7-form-control wpcf7-textarea\" aria-invalid=\"false\" name=\"your-message\"><\/textarea><\/span> <\/label>\n<\/p>\n<p><label><br \/>\n<span class=\"wpcf7-form-control-wrap\" data-name=\"file-450\"><input size=\"40\" class=\"wpcf7-form-control wpcf7-file wpcf7-validates-as-required\" accept=\".pdf\" aria-required=\"true\" aria-invalid=\"false\" type=\"file\" name=\"file-450\" \/><\/span> <\/label>\n<\/p>\n<p><input class=\"wpcf7-form-control wpcf7-submit has-spinner\" type=\"submit\" value=\"Submit\" \/>\n<\/p><div class=\"wpcf7-response-output\" aria-hidden=\"true\"><\/div>\n<\/form>\n<\/div>\n[\/vc_column][vc_column width=&#8221;1\/4&#8243;][\/vc_column][\/vc_row][vc_row css=&#8221;.vc_custom_1615806438693{padding-top: 80px !important;}&#8221;][vc_column width=&#8221;1\/2&#8243;]<noscript class=\"nm-noscript\">\r\n.section-title-69f3be5ec955d.section-title-box span {\r\ncolor:#2e7de0;\r\n}\r\n.section-title-69f3be5ec955d.section-title-box .section-title {\r\ncolor:#151515;\r\n}\r\n.section-title-69f3be5ec955d.section-title-box .section-subtitle-head {\r\ncolor:#555555;\r\n}\r\n.section-title-69f3be5ec955d.section-title-box .section-subtitle {\r\ncolor:#555555;\r\n}\r\n<\/noscript>\r\n<div class=\"section-title-box sec_left section-title-69f3be5ec955d \">\r\n            <span>Noticias MB<\/span>\r\n        <h2 class=\"section-title\">\r\n    Lee nuestras<br \/>\n\u00faltimas novedades                    <span class=\"br-heading-dot h-primary h-small\"><\/span>            <\/h2>\r\n        <\/div>\r\n[\/vc_column][vc_column width=&#8221;1\/2&#8243; css=&#8221;.vc_custom_1622554048373{padding-top: 0px !important;}&#8221;][vc_empty_space height=&#8221;86px&#8221; el_class=&#8221;hide-on-mobile&#8221;]<noscript class=\"nm-noscript\">\r\n.vc_custom_1720109543630{padding-top: 15px !important;padding-bottom: 15px !important;}.cs-button-box .btn-69f3be5ec959d {\r\ncolor: #151515;\r\nbackground-color: rgba(255,255,255,0.01);\r\nborder-color: #2e7de0;\r\n}\r\n.cs-button-box .btn-69f3be5ec959d:hover {\r\ncolor: #ffffff;\r\nbackground-color: #2e7de0;\r\nborder-color: #2e7de0;\r\n}\r\n<\/noscript>\r\n<div class=\"cs-button-box vc_custom_1720109543630 sec_right\">\r\n<a  href=\"http:\/\/localhost\/neromax\/blog\/\" class=\"btn btn-primary   default btn-lg btn-69f3be5ec959d \"\r\n target=\"_self\">\r\nTodas la notas<\/a>\r\n<\/div>\r\n[\/vc_column][\/vc_row][vc_row css=&#8221;.vc_custom_1615458078770{padding-top: 30px !important;padding-bottom: 80px !important;}&#8221;][vc_column]<div class=\"carousel-container\"><div class=\"owl-carousel section-post-item  \" id=\"section-postlist-69f3be5ec95cc\">\r\n<div class=\" post-item-box\">\r\n<div class=\"post-item-in-box\">\r\n<a class=\"post-image-url\" href=\"https:\/\/mbingenieria.cl\/?p=2177\">\r\n<img loading=\"lazy\" decoding=\"async\" width=\"1000\" height=\"667\" src=\"https:\/\/mbingenieria.cl\/wp-content\/uploads\/2024\/07\/SALa-de-hid.jpg\" class=\"img-responsive wp-post-image\" alt=\"\" srcset=\"https:\/\/mbingenieria.cl\/wp-content\/uploads\/2024\/07\/SALa-de-hid.jpg 2000w, https:\/\/mbingenieria.cl\/wp-content\/uploads\/2024\/07\/SALa-de-hid-300x200.jpg 300w, https:\/\/mbingenieria.cl\/wp-content\/uploads\/2024\/07\/SALa-de-hid-1024x682.jpg 1024w, https:\/\/mbingenieria.cl\/wp-content\/uploads\/2024\/07\/SALa-de-hid-768x512.jpg 768w, https:\/\/mbingenieria.cl\/wp-content\/uploads\/2024\/07\/SALa-de-hid-1536x1024.jpg 1536w, https:\/\/mbingenieria.cl\/wp-content\/uploads\/2024\/07\/SALa-de-hid-850x567.jpg 850w, https:\/\/mbingenieria.cl\/wp-content\/uploads\/2024\/07\/SALa-de-hid-150x100.jpg 150w\" sizes=\"auto, (max-width: 1000px) 100vw, 1000px\" \/><\/a>\r\n<ul class=\"post-categories\">\n\t<li><a href=\"https:\/\/mbingenieria.cl\/?cat=19\" rel=\"category\">Corporativo<\/a><\/li>\n\t<li><a href=\"https:\/\/mbingenieria.cl\/?cat=20\" rel=\"category\">Noticias<\/a><\/li>\n\t<li><a href=\"https:\/\/mbingenieria.cl\/?cat=22\" rel=\"category\">Novedades<\/a><\/li><\/ul><div class=\"post-item-top-info\">\r\n<div class=\"left-position\">\r\n<span class=\"post-date\">Julio 19, 2024<\/span>\r\n<\/div>\r\n<div class=\"right-position\">\r\n<div class=\"post-comment\"><i class=\"fa fa-comments-o\"><\/i> 0<\/div>\r\n<\/div>\r\n<\/div>\r\n<div class=\"post-item-body-info\">\r\n<a href=\"https:\/\/mbingenieria.cl\/?p=2177\" class=\"post-title\"><h4 class=\"edit-padding0 edit-margin0\">Nueva Sala de Hidrataci\u00f3n en Minera Spence:...<\/h4><\/a>\r\n<div class=\"post-desc\">https:\/\/youtu.be\/8WS5mhIwHdA?si=WFushhZEM9KWd23k En MB Ingenier\u00eda nos enorgullece anunciar la inauguraci\u00f3n de nuestra innovadora Sala de Hidrataci\u00f3n en la Minera Spence de BHP, un...<\/div>\r\n<a href=\"https:\/\/mbingenieria.cl\/?p=2177\" class=\"post-readmore\">Read More <i class=\"flaticon-it-next\"><\/i><\/a>\r\n<\/div>\r\n<!-- <a href=\"#\" class=\"button\">Add to cart<\/a> -->\r\n<\/div>\r\n<\/div>\r\n<div class=\" post-item-box\">\r\n<div class=\"post-item-in-box\">\r\n<a class=\"post-image-url\" href=\"https:\/\/mbingenieria.cl\/?p=2079\">\r\n<img loading=\"lazy\" decoding=\"async\" width=\"1000\" height=\"566\" src=\"https:\/\/mbingenieria.cl\/wp-content\/uploads\/2024\/07\/Captura-de-Pantalla-2024-07-12-a-las-11.10.49.png\" class=\"img-responsive wp-post-image\" alt=\"\" srcset=\"https:\/\/mbingenieria.cl\/wp-content\/uploads\/2024\/07\/Captura-de-Pantalla-2024-07-12-a-las-11.10.49.png 4348w, https:\/\/mbingenieria.cl\/wp-content\/uploads\/2024\/07\/Captura-de-Pantalla-2024-07-12-a-las-11.10.49-150x85.png 150w, https:\/\/mbingenieria.cl\/wp-content\/uploads\/2024\/07\/Captura-de-Pantalla-2024-07-12-a-las-11.10.49-850x481.png 850w, https:\/\/mbingenieria.cl\/wp-content\/uploads\/2024\/07\/Captura-de-Pantalla-2024-07-12-a-las-11.10.49-300x170.png 300w, https:\/\/mbingenieria.cl\/wp-content\/uploads\/2024\/07\/Captura-de-Pantalla-2024-07-12-a-las-11.10.49-1024x579.png 1024w, https:\/\/mbingenieria.cl\/wp-content\/uploads\/2024\/07\/Captura-de-Pantalla-2024-07-12-a-las-11.10.49-768x435.png 768w, https:\/\/mbingenieria.cl\/wp-content\/uploads\/2024\/07\/Captura-de-Pantalla-2024-07-12-a-las-11.10.49-1536x869.png 1536w, https:\/\/mbingenieria.cl\/wp-content\/uploads\/2024\/07\/Captura-de-Pantalla-2024-07-12-a-las-11.10.49-2048x1159.png 2048w\" sizes=\"auto, (max-width: 1000px) 100vw, 1000px\" \/><\/a>\r\n<ul class=\"post-categories\">\n\t<li><a href=\"https:\/\/mbingenieria.cl\/?cat=21\" rel=\"category\">Prevenci\u00f3n<\/a><\/li><\/ul><div class=\"post-item-top-info\">\r\n<div class=\"left-position\">\r\n<span class=\"post-date\">Julio 12, 2024<\/span>\r\n<\/div>\r\n<div class=\"right-position\">\r\n<div class=\"post-comment\"><i class=\"fa fa-comments-o\"><\/i> 0<\/div>\r\n<\/div>\r\n<\/div>\r\n<div class=\"post-item-body-info\">\r\n<a href=\"https:\/\/mbingenieria.cl\/?p=2079\" class=\"post-title\"><h4 class=\"edit-padding0 edit-margin0\">Lanzamos Nuestra Campa\u00f1a Contra el Acoso Laboral...<\/h4><\/a>\r\n<div class=\"post-desc\">En un firme compromiso con la creaci\u00f3n de un entorno de trabajo seguro y respetuoso, MB Ingenier\u00eda ha lanzado una campa\u00f1a integral...<\/div>\r\n<a href=\"https:\/\/mbingenieria.cl\/?p=2079\" class=\"post-readmore\">Read More <i class=\"flaticon-it-next\"><\/i><\/a>\r\n<\/div>\r\n<!-- <a href=\"#\" class=\"button\">Add to cart<\/a> -->\r\n<\/div>\r\n<\/div>\r\n<div class=\" post-item-box\">\r\n<div class=\"post-item-in-box\">\r\n<a class=\"post-image-url\" href=\"https:\/\/mbingenieria.cl\/?p=2075\">\r\n<img loading=\"lazy\" decoding=\"async\" width=\"1000\" height=\"666\" src=\"https:\/\/mbingenieria.cl\/wp-content\/uploads\/2024\/07\/WhatsApp-Image-2024-07-08-at-9.57.02-AM.jpeg\" class=\"img-responsive wp-post-image\" alt=\"\" srcset=\"https:\/\/mbingenieria.cl\/wp-content\/uploads\/2024\/07\/WhatsApp-Image-2024-07-08-at-9.57.02-AM.jpeg 2560w, https:\/\/mbingenieria.cl\/wp-content\/uploads\/2024\/07\/WhatsApp-Image-2024-07-08-at-9.57.02-AM-150x100.jpeg 150w, https:\/\/mbingenieria.cl\/wp-content\/uploads\/2024\/07\/WhatsApp-Image-2024-07-08-at-9.57.02-AM-850x566.jpeg 850w, https:\/\/mbingenieria.cl\/wp-content\/uploads\/2024\/07\/WhatsApp-Image-2024-07-08-at-9.57.02-AM-300x200.jpeg 300w, https:\/\/mbingenieria.cl\/wp-content\/uploads\/2024\/07\/WhatsApp-Image-2024-07-08-at-9.57.02-AM-1024x682.jpeg 1024w, https:\/\/mbingenieria.cl\/wp-content\/uploads\/2024\/07\/WhatsApp-Image-2024-07-08-at-9.57.02-AM-768x512.jpeg 768w, https:\/\/mbingenieria.cl\/wp-content\/uploads\/2024\/07\/WhatsApp-Image-2024-07-08-at-9.57.02-AM-1536x1024.jpeg 1536w, https:\/\/mbingenieria.cl\/wp-content\/uploads\/2024\/07\/WhatsApp-Image-2024-07-08-at-9.57.02-AM-2048x1365.jpeg 2048w\" sizes=\"auto, (max-width: 1000px) 100vw, 1000px\" \/><\/a>\r\n<ul class=\"post-categories\">\n\t<li><a href=\"https:\/\/mbingenieria.cl\/?cat=21\" rel=\"category\">Prevenci\u00f3n<\/a><\/li><\/ul><div class=\"post-item-top-info\">\r\n<div class=\"left-position\">\r\n<span class=\"post-date\">Julio 12, 2024<\/span>\r\n<\/div>\r\n<div class=\"right-position\">\r\n<div class=\"post-comment\"><i class=\"fa fa-comments-o\"><\/i> 0<\/div>\r\n<\/div>\r\n<\/div>\r\n<div class=\"post-item-body-info\">\r\n<a href=\"https:\/\/mbingenieria.cl\/?p=2075\" class=\"post-title\"><h4 class=\"edit-padding0 edit-margin0\">5 a\u00f1os sin accidentes con tiempo perdido...<\/h4><\/a>\r\n<div class=\"post-desc\">MB Ingenier\u00eda se enorgullece en presentar un hito corporativo significativo: cinco a\u00f1os consecutivos sin accidentes con tiempo perdido en nuestros servicios en...<\/div>\r\n<a href=\"https:\/\/mbingenieria.cl\/?p=2075\" class=\"post-readmore\">Read More <i class=\"flaticon-it-next\"><\/i><\/a>\r\n<\/div>\r\n<!-- <a href=\"#\" class=\"button\">Add to cart<\/a> -->\r\n<\/div>\r\n<\/div>\r\n<div class=\" post-item-box\">\r\n<div class=\"post-item-in-box\">\r\n<a class=\"post-image-url\" href=\"https:\/\/mbingenieria.cl\/?p=1\">\r\n<img loading=\"lazy\" decoding=\"async\" width=\"1000\" height=\"778\" src=\"https:\/\/mbingenieria.cl\/wp-content\/uploads\/2024\/03\/electric-car-ecology-technology-save-energy-concept-copia2-scaled.jpg\" class=\"img-responsive wp-post-image\" alt=\"\" srcset=\"https:\/\/mbingenieria.cl\/wp-content\/uploads\/2024\/03\/electric-car-ecology-technology-save-energy-concept-copia2-scaled.jpg 2560w, https:\/\/mbingenieria.cl\/wp-content\/uploads\/2024\/03\/electric-car-ecology-technology-save-energy-concept-copia2-scaled-150x117.jpg 150w, https:\/\/mbingenieria.cl\/wp-content\/uploads\/2024\/03\/electric-car-ecology-technology-save-energy-concept-copia2-scaled-850x661.jpg 850w, https:\/\/mbingenieria.cl\/wp-content\/uploads\/2024\/03\/electric-car-ecology-technology-save-energy-concept-copia2-300x233.jpg 300w, https:\/\/mbingenieria.cl\/wp-content\/uploads\/2024\/03\/electric-car-ecology-technology-save-energy-concept-copia2-1024x796.jpg 1024w, https:\/\/mbingenieria.cl\/wp-content\/uploads\/2024\/03\/electric-car-ecology-technology-save-energy-concept-copia2-768x597.jpg 768w, https:\/\/mbingenieria.cl\/wp-content\/uploads\/2024\/03\/electric-car-ecology-technology-save-energy-concept-copia2-1536x1195.jpg 1536w, https:\/\/mbingenieria.cl\/wp-content\/uploads\/2024\/03\/electric-car-ecology-technology-save-energy-concept-copia2-2048x1593.jpg 2048w\" sizes=\"auto, (max-width: 1000px) 100vw, 1000px\" \/><\/a>\r\n<ul class=\"post-categories\">\n\t<li><a href=\"https:\/\/mbingenieria.cl\/?cat=19\" rel=\"category\">Corporativo<\/a><\/li><\/ul><div class=\"post-item-top-info\">\r\n<div class=\"left-position\">\r\n<span class=\"post-date\">Julio 12, 2024<\/span>\r\n<\/div>\r\n<div class=\"right-position\">\r\n<div class=\"post-comment\"><i class=\"fa fa-comments-o\"><\/i> 0<\/div>\r\n<\/div>\r\n<\/div>\r\n<div class=\"post-item-body-info\">\r\n<a href=\"https:\/\/mbingenieria.cl\/?p=1\" class=\"post-title\"><h4 class=\"edit-padding0 edit-margin0\">\u00a1Presentamos nuestra nueva WEB Corporativa!<\/h4><\/a>\r\n<div class=\"post-desc\">MB Ingenier\u00eda se complace en anunciar el lanzamiento de su nueva p\u00e1gina web corporativa, dise\u00f1ada para ofrecer una experiencia de usuario mejorada...<\/div>\r\n<a href=\"https:\/\/mbingenieria.cl\/?p=1\" class=\"post-readmore\">Read More <i class=\"flaticon-it-next\"><\/i><\/a>\r\n<\/div>\r\n<!-- <a href=\"#\" class=\"button\">Add to cart<\/a> -->\r\n<\/div>\r\n<\/div>\r\n<\/div>\r\n<\/div><noscript class=\"nm-noscript-js\">\r\njQuery(document).ready(function ($) {\r\n$(\"#section-postlist-69f3be5ec95cc\").owlCarousel({\r\nmargin: 30,\r\nloop: true,\r\nnav: true,\r\ndots: false,\r\nautoplay: false,\r\nsmartSpeed: 800,\r\nslideSpeed : 800,\r\nautoplayTimeout: 8000,\r\nnavText : [\"<i class='owl-prev-icon flaticon-it-left-arrow'><\/i>\",\"<i class='owl-next-icon flaticon-it-right-arrow'><\/i>\"],\r\nresponsive:{\r\n0:{items:1},\r\n479:{items:1},\r\n768:{items:2},\r\n979:{items:2},\r\n1199:{items:3}\r\n},\r\n});\r\n});\r\n<\/noscript>\r\n[\/vc_column][\/vc_row][vc_row full_width=&#8221;stretch_row&#8221; css=&#8221;.vc_custom_1615467143904{padding-top: 0px !important;padding-bottom: 80px !important;}&#8221; el_class=&#8221;banner-logocarousel&#8221;][vc_column]<div class=\"logocarousel owl-logo-style2\">\r\n\t<div class=\"item-bg-box\">\r\n\t\t<div class=\"owl-carousel owl-logos\" id=\"logocarousel-69f3be5ecb73a\">\r\n\t\t\t\t\t\t<div class=\"item-frame-box\">\r\n\t\t\t\t\t\t\t\t<div class=\"image\">\r\n\t\t\t\t\t\t\t\t\t<img decoding=\"async\" src=\"https:\/\/mbingenieria.cl\/wp-content\/uploads\/2020\/11\/mb01.png\" alt=\"partner logo\" >\r\n\t\t\t\t\t\t\t\t<\/div>\r\n\t\t\t\t\r\n\t\t\t<\/div>\r\n\t\t\t\t\t\t<div class=\"item-frame-box\">\r\n\t\t\t\t\t\t\t\t<div class=\"image\">\r\n\t\t\t\t\t\t\t\t\t<img decoding=\"async\" src=\"https:\/\/mbingenieria.cl\/wp-content\/uploads\/2020\/11\/NoxeMesa-de-trabajo-9.png\" alt=\"partner logo\" >\r\n\t\t\t\t\t\t\t\t<\/div>\r\n\t\t\t\t\r\n\t\t\t<\/div>\r\n\t\t\t\t\t\t<div class=\"item-frame-box\">\r\n\t\t\t\t\t\t\t\t<div class=\"image\">\r\n\t\t\t\t\t\t\t\t\t<img decoding=\"async\" src=\"https:\/\/mbingenieria.cl\/wp-content\/uploads\/2020\/11\/mb03.png\" alt=\"partner logo\" >\r\n\t\t\t\t\t\t\t\t<\/div>\r\n\t\t\t\t\r\n\t\t\t<\/div>\r\n\t\t\t\t\t\t<div class=\"item-frame-box\">\r\n\t\t\t\t\t\t\t\t<div class=\"image\">\r\n\t\t\t\t\t\t\t\t\t<img decoding=\"async\" src=\"https:\/\/mbingenieria.cl\/wp-content\/uploads\/2020\/11\/mb04.png\" alt=\"partner logo\" >\r\n\t\t\t\t\t\t\t\t<\/div>\r\n\t\t\t\t\r\n\t\t\t<\/div>\r\n\t\t\t\t\t\t<div class=\"item-frame-box\">\r\n\t\t\t\t\t\t\t\t<div class=\"image\">\r\n\t\t\t\t\t\t\t\t\t<img decoding=\"async\" src=\"https:\/\/mbingenieria.cl\/wp-content\/uploads\/2020\/11\/mb05.png\" alt=\"partner logo\" >\r\n\t\t\t\t\t\t\t\t<\/div>\r\n\t\t\t\t\r\n\t\t\t<\/div>\r\n\t\t\t\t\t\t<div class=\"item-frame-box\">\r\n\t\t\t\t\r\n\t\t\t<\/div>\r\n\t\t\t\t\t<\/div>\r\n\t<\/div>\r\n<\/div>\r\n<!-- OFF logocarousel slide  -->\r\n<noscript class=\"nm-noscript-js\">\r\njQuery(document).ready(function ($) {\r\n\r\n$(\"#logocarousel-69f3be5ecb73a\").owlCarousel({\r\nloop: true,\r\nnav: false,\r\ndots: false,\r\nautoplay: false,\r\nsmartSpeed: 800,\r\nautoplayTimeout: 8000,\r\nnavText : [\"<i class='owl-prev-icon flaticon-it-left-arrow'><\/i>\",\"<i class='owl-next-icon flaticon-it-right-arrow'><\/i>\"],\r\nresponsive:{\r\n0:{items:2},\r\n479:{items:2},\r\n768:{items:2},\r\n979:{items:3},\r\n1199:{items:5}\r\n},\r\n});\r\n});\r\n<\/noscript>\r\n[\/vc_column][\/vc_row]<\/p>\n<\/div>","protected":false},"excerpt":{"rendered":"<p>[vc_row full_width=&#8221;stretch_row&#8221; css=&#8221;.vc_custom_1620728432227{padding-top: 120px !important;padding-bottom: 10px !important;}&#8221;][vc_column][\/vc_column][\/vc_row][vc_row full_width=&#8221;stretch_row&#8221; css=&#8221;.vc_custom_1620750080559{padding-top: 80px !important;padding-bottom: 10px !important;}&#8221;][vc_column][\/vc_column][\/vc_row][vc_row full_width=&#8221;stretch_row&#8221; disable_element=&#8221;yes&#8221; css=&#8221;.vc_custom_1720107878543{padding-top: 80px !important;padding-bottom: 120px !important;}&#8221;][vc_column][\/vc_column][\/vc_row][vc_row full_width=&#8221;stretch_row&#8221; content_placement=&#8221;middle&#8221; parallax=&#8221;content-moving-fade&#8221; css=&#8221;.vc_custom_1720109439749{padding-top: 100px !important;padding-bottom: 120px !important;background: #98b8e0 url(https:\/\/demo.mbingenieria.cl\/wp-content\/uploads\/2021\/03\/world-map-white3.png?id=736);}&#8221; el_id=&#8221;myForm&#8221;][vc_column width=&#8221;1\/4&#8243; css=&#8221;.vc_custom_1615407626038{padding-top: 0px !important;padding-bottom: 0px !important;}&#8221;][\/vc_column][vc_column width=&#8221;1\/2&#8243;][\/vc_column][vc_column width=&#8221;1\/4&#8243;][\/vc_column][\/vc_row][vc_row css=&#8221;.vc_custom_1615806438693{padding-top: 80px !important;}&#8221;][vc_column width=&#8221;1\/2&#8243;][\/vc_column][vc_column width=&#8221;1\/2&#8243; css=&#8221;.vc_custom_1622554048373{padding-top: 0px !important;}&#8221;][vc_empty_space height=&#8221;86px&#8221; el_class=&#8221;hide-on-mobile&#8221;][\/vc_column][\/vc_row][vc_row css=&#8221;.vc_custom_1615458078770{padding-top: 30px !important;padding-bottom: 80px !important;}&#8221;][vc_column][\/vc_column][\/vc_row][vc_row full_width=&#8221;stretch_row&#8221; [&hellip;]<\/p>\n","protected":false},"author":1,"featured_media":0,"parent":0,"menu_order":0,"comment_status":"closed","ping_status":"closed","template":"","meta":{"footnotes":""},"class_list":["post-1449","page","type-page","status-publish","hentry"],"_links":{"self":[{"href":"https:\/\/mbingenieria.cl\/index.php?rest_route=\/wp\/v2\/pages\/1449","targetHints":{"allow":["GET"]}}],"collection":[{"href":"https:\/\/mbingenieria.cl\/index.php?rest_route=\/wp\/v2\/pages"}],"about":[{"href":"https:\/\/mbingenieria.cl\/index.php?rest_route=\/wp\/v2\/types\/page"}],"author":[{"embeddable":true,"href":"https:\/\/mbingenieria.cl\/index.php?rest_route=\/wp\/v2\/users\/1"}],"replies":[{"embeddable":true,"href":"https:\/\/mbingenieria.cl\/index.php?rest_route=%2Fwp%2Fv2%2Fcomments&post=1449"}],"version-history":[{"count":9,"href":"https:\/\/mbingenieria.cl\/index.php?rest_route=\/wp\/v2\/pages\/1449\/revisions"}],"predecessor-version":[{"id":2327,"href":"https:\/\/mbingenieria.cl\/index.php?rest_route=\/wp\/v2\/pages\/1449\/revisions\/2327"}],"wp:attachment":[{"href":"https:\/\/mbingenieria.cl\/index.php?rest_route=%2Fwp%2Fv2%2Fmedia&parent=1449"}],"curies":[{"name":"wp","href":"https:\/\/api.w.org\/{rel}","templated":true}]}}